{"id":32,"date":"2022-10-19T23:22:30","date_gmt":"2022-10-19T23:22:30","guid":{"rendered":"https:\/\/wilsondiaz.com\/santabarbara\/?page_id=32"},"modified":"2024-01-25T21:22:36","modified_gmt":"2024-01-25T21:22:36","slug":"quienes-somos","status":"publish","type":"page","link":"https:\/\/wilsondiaz.com\/santabarbara\/quienes-somos\/","title":{"rendered":"Qui\u00e9nes somos"},"content":{"rendered":"\n<div class=\"wp-block-columns is-layout-flex wp-container-core-columns-is-layout-9d6595d7 wp-block-columns-is-layout-flex\">\n<div class=\"wp-block-column is-layout-flow wp-block-column-is-layout-flow\">\n<figure class=\"wp-block-image size-large\"><img loading=\"lazy\" decoding=\"async\" width=\"685\" height=\"1024\" src=\"https:\/\/wilsondiaz.com\/santabarbara\/wp-content\/uploads\/2024\/01\/quienes-somos-685x1024.jpg\" alt=\"\" class=\"wp-image-417\" srcset=\"https:\/\/wilsondiaz.com\/santabarbara\/wp-content\/uploads\/2024\/01\/quienes-somos-685x1024.jpg 685w, https:\/\/wilsondiaz.com\/santabarbara\/wp-content\/uploads\/2024\/01\/quienes-somos-334x500.jpg 334w, https:\/\/wilsondiaz.com\/santabarbara\/wp-content\/uploads\/2024\/01\/quienes-somos-768x1148.jpg 768w, https:\/\/wilsondiaz.com\/santabarbara\/wp-content\/uploads\/2024\/01\/quienes-somos-1027x1536.jpg 1027w, https:\/\/wilsondiaz.com\/santabarbara\/wp-content\/uploads\/2024\/01\/quienes-somos.jpg 1070w\" sizes=\"auto, (max-width: 685px) 100vw, 685px\" \/><\/figure>\n<\/div>\n\n\n\n<div class=\"wp-block-column is-layout-flow wp-block-column-is-layout-flow\" style=\"flex-basis:70%\">\n<p>En el Centro Comercial Santa Barbara Drive, estamos comprometidos con brindarte un servicio excepcional y una atenci\u00f3n personalizada.<\/p>\n\n\n\n<p>Fuimos dise\u00f1ados para ofrecer un ambiente seguro, elegante, c\u00f3modo y acogedor para que tu visita sea una gran experiencia y te sientas parte de nuestra gran familia. Tus mascotas tambi\u00e9n son bienvenidas.<\/p>\n\n\n\n<p>Santa Barbara Drive, te brinda m\u00faltiples soluciones a tus necesidades, como son servicios, alquileres, compras personalizadas, tiendas exclusivas, tecnolog\u00eda, salud, belleza, moda, decoraci\u00f3n, etc., y todo lo que puedas necesitar sin tener que ir m\u00e1s lejos, y as\u00ed podr\u00e1s ahorrar mucho tiempo en desplazamientos.<\/p>\n\n\n\n<p>Estamos ubicados en el norte de la ciudad de Bogot\u00e1, sobre la avenida 19 con calle 122. Se trata de un punto estrat\u00e9gico que dispone de excelentes v\u00edas de acceso, tanto para peatones como para veh\u00edculos. Contamos con m\u00e1s de 100 parqueaderos para visitantes y 73 locales comerciales.<\/p>\n\n\n\n<p>Nos enorgullece ser parte activa de la comunidad que nos rodea. Apoyamos iniciativas locales y eventos que enriquecen la vida de nuestros vecinos y clientes.<\/p>\n<\/div>\n<\/div>\n","protected":false},"excerpt":{"rendered":"<p>En el Centro Comercial Santa Barbara Drive, estamos comprometidos con brindarte un servicio excepcional y una atenci\u00f3n personalizada. Fuimos dise\u00f1ados para ofrecer un ambiente seguro, elegante, c\u00f3modo y acogedor para que tu visita sea una gran experiencia y te sientas parte de nuestra gran familia. Tus mascotas tambi\u00e9n son bienvenidas. Santa Barbara Drive, te brinda [&hellip;]<\/p>\n","protected":false},"author":1,"featured_media":0,"parent":0,"menu_order":0,"comment_status":"closed","ping_status":"closed","template":"","meta":{"inline_featured_image":false,"ghostkit_customizer_options":"","ghostkit_custom_css":"","ghostkit_custom_js_head":"","ghostkit_custom_js_foot":"","ghostkit_typography":"","ocean_post_layout":"","ocean_both_sidebars_style":"","ocean_both_sidebars_content_width":0,"ocean_both_sidebars_sidebars_width":0,"ocean_sidebar":"0","ocean_second_sidebar":"0","ocean_disable_margins":"enable","ocean_add_body_class":"","ocean_shortcode_before_top_bar":"","ocean_shortcode_after_top_bar":"","ocean_shortcode_before_header":"","ocean_shortcode_after_header":"","ocean_has_shortcode":"","ocean_shortcode_after_title":"","ocean_shortcode_before_footer_widgets":"","ocean_shortcode_after_footer_widgets":"","ocean_shortcode_before_footer_bottom":"","ocean_shortcode_after_footer_bottom":"","ocean_display_top_bar":"default","ocean_display_header":"default","ocean_header_style":"","ocean_center_header_left_menu":"0","ocean_custom_header_template":"0","ocean_custom_logo":0,"ocean_custom_retina_logo":0,"ocean_custom_logo_max_width":0,"ocean_custom_logo_tablet_max_width":0,"ocean_custom_logo_mobile_max_width":0,"ocean_custom_logo_max_height":0,"ocean_custom_logo_tablet_max_height":0,"ocean_custom_logo_mobile_max_height":0,"ocean_header_custom_menu":"0","ocean_menu_typo_font_family":"0","ocean_menu_typo_font_subset":"","ocean_menu_typo_font_size":0,"ocean_menu_typo_font_size_tablet":0,"ocean_menu_typo_font_size_mobile":0,"ocean_menu_typo_font_size_unit":"px","ocean_menu_typo_font_weight":"","ocean_menu_typo_font_weight_tablet":"","ocean_menu_typo_font_weight_mobile":"","ocean_menu_typo_transform":"","ocean_menu_typo_transform_tablet":"","ocean_menu_typo_transform_mobile":"","ocean_menu_typo_line_height":0,"ocean_menu_typo_line_height_tablet":0,"ocean_menu_typo_line_height_mobile":0,"ocean_menu_typo_line_height_unit":"","ocean_menu_typo_spacing":0,"ocean_menu_typo_spacing_tablet":0,"ocean_menu_typo_spacing_mobile":0,"ocean_menu_typo_spacing_unit":"","ocean_menu_link_color":"","ocean_menu_link_color_hover":"","ocean_menu_link_color_active":"","ocean_menu_link_background":"","ocean_menu_link_hover_background":"","ocean_menu_link_active_background":"","ocean_menu_social_links_bg":"","ocean_menu_social_hover_links_bg":"","ocean_menu_social_links_color":"","ocean_menu_social_hover_links_color":"","ocean_disable_title":"default","ocean_disable_heading":"default","ocean_post_title":"","ocean_post_subheading":"","ocean_post_title_style":"","ocean_post_title_background_color":"","ocean_post_title_background":0,"ocean_post_title_bg_image_position":"","ocean_post_title_bg_image_attachment":"","ocean_post_title_bg_image_repeat":"","ocean_post_title_bg_image_size":"","ocean_post_title_height":0,"ocean_post_title_bg_overlay":0.5,"ocean_post_title_bg_overlay_color":"","ocean_disable_breadcrumbs":"default","ocean_breadcrumbs_color":"","ocean_breadcrumbs_separator_color":"","ocean_breadcrumbs_links_color":"","ocean_breadcrumbs_links_hover_color":"","ocean_display_footer_widgets":"default","ocean_display_footer_bottom":"default","ocean_custom_footer_template":"0","omw_enable_modal_window":"enable","_joinchat":[],"footnotes":""},"class_list":["post-32","page","type-page","status-publish","hentry","entry"],"_links":{"self":[{"href":"https:\/\/wilsondiaz.com\/santabarbara\/wp-json\/wp\/v2\/pages\/32","targetHints":{"allow":["GET"]}}],"collection":[{"href":"https:\/\/wilsondiaz.com\/santabarbara\/wp-json\/wp\/v2\/pages"}],"about":[{"href":"https:\/\/wilsondiaz.com\/santabarbara\/wp-json\/wp\/v2\/types\/page"}],"author":[{"embeddable":true,"href":"https:\/\/wilsondiaz.com\/santabarbara\/wp-json\/wp\/v2\/users\/1"}],"replies":[{"embeddable":true,"href":"https:\/\/wilsondiaz.com\/santabarbara\/wp-json\/wp\/v2\/comments?post=32"}],"version-history":[{"count":5,"href":"https:\/\/wilsondiaz.com\/santabarbara\/wp-json\/wp\/v2\/pages\/32\/revisions"}],"predecessor-version":[{"id":424,"href":"https:\/\/wilsondiaz.com\/santabarbara\/wp-json\/wp\/v2\/pages\/32\/revisions\/424"}],"wp:attachment":[{"href":"https:\/\/wilsondiaz.com\/santabarbara\/wp-json\/wp\/v2\/media?parent=32"}],"curies":[{"name":"wp","href":"https:\/\/api.w.org\/{rel}","templated":true}]}}